{"id":1296,"date":"2023-10-17T10:18:00","date_gmt":"2023-10-17T08:18:00","guid":{"rendered":"https:\/\/protechtex.com\/solucions\/"},"modified":"2024-03-26T16:03:24","modified_gmt":"2024-03-26T14:03:24","slug":"solucions","status":"publish","type":"page","link":"https:\/\/protechtex.com\/ca\/solucions\/","title":{"rendered":"Solucions"},"content":{"rendered":"\n<div class=\"wp-block-group header-video full-width no-margin-bottom is-layout-constrained wp-block-group-is-layout-constrained\" data-scroll-section=\"\"><div class=\"wp-block-group__inner-container\">\n<h1 class=\"wp-block-heading padding-sides\" data-scroll=\"\" data-scroll-speed=\"1\">Solucions personalitzades<br\/>per la protecci\u00f3 m\u00e9s eficient<\/h1>\n\n\n\n<figure class=\"wp-block-video topleft darken\"><video autoplay=\"\" loop=\"\" muted=\"\" src=\"https:\/\/player.vimeo.com\/progressive_redirect\/playback\/876297040\/rendition\/1080p\/file.mp4?loc=external&amp;log_user=0&amp;signature=fdd46342fc56fcf4dd36b8aedfa924dd88352b2775475942fcbeb2cb4fbca306\" playsinline=\"\"><\/video><\/figure>\n<\/div><\/div>\n\n<div class=\"wp-block-group full-width has-black-color has-text-color is-layout-constrained wp-block-group-is-layout-constrained\" data-scroll-section=\"\"><div class=\"wp-block-group__inner-container\">\n<div class=\"wp-block-group full-width has-white-background-color has-background is-layout-constrained wp-block-group-is-layout-constrained\" data-scroll-speed=\"2\" data-scroll=\"\"><div class=\"wp-block-group__inner-container\">\n<div style=\"height:77px\" aria-hidden=\"true\" class=\"wp-block-spacer\"><\/div>\n\n\n\n<h2 class=\"wp-block-heading has-text-align-center max-width-narrow has-large-font-size\">Adaptem els nostres teixits a les teves necessitats \u00faniques, oferint la m\u00e0xima seguretat i rendiment en qualsevol ind\u00fastria o entorn laboral.<\/h2>\n\n\n\n<div style=\"height:76px\" aria-hidden=\"true\" class=\"wp-block-spacer\"><\/div>\n<\/div><\/div>\n<\/div><\/div>\n\n<div class=\"wp-block-group max-width-wide full-width background-gradient is-layout-constrained wp-block-group-is-layout-constrained\" data-scroll-section=\"\"><div class=\"wp-block-group__inner-container\">\n<div style=\"height:131px\" aria-hidden=\"true\" class=\"wp-block-spacer\"><\/div>\n\n\n\n<div class=\"wp-block-columns max-width-wide is-layout-flex wp-container-core-columns-layout-4 wp-block-columns-is-layout-flex\" data-scroll=\"\" data-scroll-speed=\"-1\">\n<div class=\"wp-block-column is-layout-flow wp-block-column-is-layout-flow\" style=\"flex-basis:15%\"><\/div>\n\n\n\n<div class=\"wp-block-column is-layout-flow wp-block-column-is-layout-flow\">\n<h2 class=\"wp-block-heading\">Serveis<\/h2>\n\n\n\n<div class=\"wp-block-group alternate-images narrow-text is-layout-flow wp-block-group-is-layout-flow\"><div class=\"wp-block-group__inner-container\">\n<div class=\"wp-block-columns are-vertically-aligned-center full-width is-layout-flex wp-container-core-columns-layout-1 wp-block-columns-is-layout-flex\">\n<div class=\"wp-block-column is-vertically-aligned-center is-layout-flow wp-block-column-is-layout-flow\">\n<figure class=\"wp-block-image size-full\"><img loading=\"lazy\" decoding=\"async\" width=\"866\" height=\"639\" src=\"https:\/\/protechtex.com\/wp-content\/uploads\/2023\/10\/proteccionoptima2.jpg\" alt=\"\" class=\"wp-image-871\" srcset=\"https:\/\/protechtex.com\/wp-content\/uploads\/2023\/10\/proteccionoptima2.jpg 866w, https:\/\/protechtex.com\/wp-content\/uploads\/2023\/10\/proteccionoptima2-300x221.jpg 300w, https:\/\/protechtex.com\/wp-content\/uploads\/2023\/10\/proteccionoptima2-768x567.jpg 768w\" sizes=\"(max-width: 866px) 100vw, 866px\" \/><\/figure>\n<\/div>\n\n\n\n<div class=\"wp-block-column is-vertically-aligned-center text-column is-layout-flow wp-block-column-is-layout-flow\">\n<h3 class=\"wp-block-heading\">Protecci\u00f3 \u00f2ptima<\/h3>\n\n\n\n<p>Els nostres productes personalitzats et proporcionen el nivell de protecci\u00f3 adequat per afrontar els riscos espec\u00edfics de la teva ind\u00fastria. Resistint el desgast diari i l&#8217;\u00fas prolongat.<\/p>\n<\/div>\n<\/div>\n\n\n\n<div class=\"wp-block-columns are-vertically-aligned-center full-width is-layout-flex wp-container-core-columns-layout-2 wp-block-columns-is-layout-flex\">\n<div class=\"wp-block-column is-vertically-aligned-center text-column is-layout-flow wp-block-column-is-layout-flow\">\n<h3 class=\"wp-block-heading\">Comoditat i tranquil\u00b7litat<\/h3>\n\n\n\n<p>A causa del car\u00e0cter t\u00e8xtil de les nostres solucions a mida, minimitzem els riscos que assumeixen els treballadors per l&#8217;\u00fas inadequat o directament, el NO \u00fas del material de seguretat recomanat per la incomoditat o la poca transpiraci\u00f3 dels mateixos.<\/p>\n<\/div>\n\n\n\n<div class=\"wp-block-column is-vertically-aligned-center is-layout-flow wp-block-column-is-layout-flow\">\n<figure class=\"wp-block-image size-full\"><img loading=\"lazy\" decoding=\"async\" width=\"866\" height=\"639\" src=\"https:\/\/protechtex.com\/wp-content\/uploads\/2023\/10\/durabilidad2.jpg\" alt=\"\" class=\"wp-image-872\" srcset=\"https:\/\/protechtex.com\/wp-content\/uploads\/2023\/10\/durabilidad2.jpg 866w, https:\/\/protechtex.com\/wp-content\/uploads\/2023\/10\/durabilidad2-300x221.jpg 300w, https:\/\/protechtex.com\/wp-content\/uploads\/2023\/10\/durabilidad2-768x567.jpg 768w\" sizes=\"(max-width: 866px) 100vw, 866px\" \/><\/figure>\n<\/div>\n<\/div>\n\n\n\n<div class=\"wp-block-columns are-vertically-aligned-center full-width is-layout-flex wp-container-core-columns-layout-3 wp-block-columns-is-layout-flex\">\n<div class=\"wp-block-column is-vertically-aligned-center is-layout-flow wp-block-column-is-layout-flow\">\n<figure class=\"wp-block-image size-full\"><img loading=\"lazy\" decoding=\"async\" width=\"866\" height=\"639\" src=\"https:\/\/protechtex.com\/wp-content\/uploads\/2023\/10\/area-proteccion2.jpg\" alt=\"\" class=\"wp-image-873\" srcset=\"https:\/\/protechtex.com\/wp-content\/uploads\/2023\/10\/area-proteccion2.jpg 866w, https:\/\/protechtex.com\/wp-content\/uploads\/2023\/10\/area-proteccion2-300x221.jpg 300w, https:\/\/protechtex.com\/wp-content\/uploads\/2023\/10\/area-proteccion2-768x567.jpg 768w\" sizes=\"(max-width: 866px) 100vw, 866px\" \/><\/figure>\n<\/div>\n\n\n\n<div class=\"wp-block-column is-vertically-aligned-center text-column is-layout-flow wp-block-column-is-layout-flow\">\n<h3 class=\"wp-block-heading\">\u00c0rea de protecci\u00f3 m\u00e9s amplia<\/h3>\n\n\n\n<p>Gr\u00e0cies a la utilitzaci\u00f3 d&#8217;estructures t\u00e8xtils, les nostres solucions s&#8217;adapten molt millor a la morfologia del cos de manera c\u00f2moda i ergon\u00f2mica cobrint zones fins ara desprotegides sense entorpir la mobilitat del treballador.<\/p>\n<\/div>\n<\/div>\n<\/div><\/div>\n<\/div>\n<\/div>\n\n\n\n<div style=\"height:157px\" aria-hidden=\"true\" class=\"wp-block-spacer\"><\/div>\n\n\n\n<figure class=\"wp-block-image size-full background-image\"><img loading=\"lazy\" decoding=\"async\" width=\"626\" height=\"352\" src=\"https:\/\/protechtex.com\/wp-content\/uploads\/2024\/01\/organic_gradient_background.png\" alt=\"\" class=\"wp-image-990\" srcset=\"https:\/\/protechtex.com\/wp-content\/uploads\/2024\/01\/organic_gradient_background.png 626w, https:\/\/protechtex.com\/wp-content\/uploads\/2024\/01\/organic_gradient_background-300x169.png 300w\" sizes=\"(max-width: 626px) 100vw, 626px\" \/><\/figure>\n<\/div><\/div>\n\n<div class=\"wp-block-group full-width has-black-color has-white-background-color has-text-color has-background is-layout-constrained wp-block-group-is-layout-constrained\" data-scroll-section=\"\"><div class=\"wp-block-group__inner-container\">\n<div style=\"height:100px\" aria-hidden=\"true\" class=\"wp-block-spacer\"><\/div>\n\n\n\n<div class=\"wp-block-columns are-vertically-aligned-center max-width-wide big-gap is-layout-flex wp-container-core-columns-layout-5 wp-block-columns-is-layout-flex\">\n<div class=\"wp-block-column is-vertically-aligned-center is-layout-flow wp-block-column-is-layout-flow\">\n<figure class=\"wp-block-image size-full\"><img loading=\"lazy\" decoding=\"async\" width=\"1220\" height=\"1220\" src=\"https:\/\/protechtex.com\/wp-content\/uploads\/2024\/03\/openart-01f5b808281748d0b549f59b53e69568.jpg\" alt=\"\" class=\"wp-image-1367\" srcset=\"https:\/\/protechtex.com\/wp-content\/uploads\/2024\/03\/openart-01f5b808281748d0b549f59b53e69568.jpg 1220w, https:\/\/protechtex.com\/wp-content\/uploads\/2024\/03\/openart-01f5b808281748d0b549f59b53e69568-300x300.jpg 300w, https:\/\/protechtex.com\/wp-content\/uploads\/2024\/03\/openart-01f5b808281748d0b549f59b53e69568-1024x1024.jpg 1024w, https:\/\/protechtex.com\/wp-content\/uploads\/2024\/03\/openart-01f5b808281748d0b549f59b53e69568-150x150.jpg 150w, https:\/\/protechtex.com\/wp-content\/uploads\/2024\/03\/openart-01f5b808281748d0b549f59b53e69568-768x768.jpg 768w\" sizes=\"(max-width: 1220px) 100vw, 1220px\" \/><\/figure>\n<\/div>\n\n\n\n<div class=\"wp-block-column is-vertically-aligned-center is-layout-flow wp-block-column-is-layout-flow\">\n<h2 class=\"wp-block-heading\">Projectes a mida<\/h2>\n\n\n\n<p>Creiem que cada client \u00e9s \u00fanic i s&#8217;enfronta a desafiaments espec\u00edfics pel que fa a protecci\u00f3 i seguretat. \u00c9s per aix\u00f2 que ens enorgullim d&#8217;oferir solucions a mida, desenvolupant estructures t\u00e8xtils personalitzades que s&#8217;ajusten perfectament a les necessitats particulars de cada client. La nostra dedicaci\u00f3 a la innovaci\u00f3 i tecnologia ens permet crear productes altament especialitzats que garanteixen la m\u00e0xima protecci\u00f3 i rendiment en qualsevol entorn laboral.<\/p>\n\n\n\n<p>Entenem que cada ind\u00fastria i sector t\u00e9 les seves pr\u00f2pies demandes i riscos espec\u00edfics. El nostre equip d&#8217;experts treballa en estreta col\u00b7laboraci\u00f3 amb el departament espec\u00edfic per identificar i entendre els seus requisits particulars de protecci\u00f3. Ja sigui en entorns d&#8217;alta perillositat, tasques especialitzades o condicions extremes, estem compromesos a trobar la soluci\u00f3 ideal per garantir la seguretat i el benestar de l&#8217;equip.<\/p>\n<\/div>\n<\/div>\n\n\n\n<div style=\"height:60px\" aria-hidden=\"true\" class=\"wp-block-spacer\"><\/div>\n<\/div><\/div>\n\n<div class=\"wp-block-group full-width has-black-background-color has-background is-layout-flow wp-block-group-is-layout-flow\" data-scroll-section=\"\"><div class=\"wp-block-group__inner-container\">\n<div class=\"wp-block-group max-width-wide is-layout-constrained wp-block-group-is-layout-constrained\"><div class=\"wp-block-group__inner-container\">\n<div style=\"height:64px\" aria-hidden=\"true\" class=\"wp-block-spacer\"><\/div>\n\n\n\n<div class=\"wp-block-columns are-vertically-aligned-center big-gap is-layout-flex wp-container-core-columns-layout-6 wp-block-columns-is-layout-flex\" data-scroll=\"\" data-scroll-speed=\"1\">\n<div class=\"wp-block-column is-vertically-aligned-center text-column is-layout-flow wp-block-column-is-layout-flow\">\n<h2 class=\"wp-block-heading has-white-color has-text-color has-medium-font-size\">Comprom\u00eds Innovador i Responsable<\/h2>\n\n\n\n<p class=\"has-white-color has-text-color has-medium-font-size\">La nostra cerca de l&#8217;excel\u00b7l\u00e8ncia en protecci\u00f3 es fonamenta en la nostra dedicaci\u00f3 a les solucions t\u00e8xtils. Aquesta base, en comparaci\u00f3 amb qualsevol altra opci\u00f3 del mercat, ens permet proporcionar productes de seguretat que ofereixen una protecci\u00f3 inigualable sent alhora m\u00e9s lleugers, transpirables i c\u00f2modes, adaptant-se perfectament al cos per brindar una protecci\u00f3 integral a moltes m\u00e9s \u00e0rees corporals. Tot aix\u00f2 sense oblidar el nostre comprom\u00eds amb la producci\u00f3 local, sota demanda i responsable amb el medi ambient<\/p>\n<\/div>\n\n\n\n<div class=\"wp-block-column is-vertically-aligned-center is-layout-flow wp-block-column-is-layout-flow\">\n<figure class=\"wp-block-image size-full image-textil-mesgran\"><img loading=\"lazy\" decoding=\"async\" width=\"1729\" height=\"993\" src=\"https:\/\/protechtex.com\/wp-content\/uploads\/2024\/03\/57c.jpg\" alt=\"\" class=\"wp-image-1425\" srcset=\"https:\/\/protechtex.com\/wp-content\/uploads\/2024\/03\/57c.jpg 1729w, https:\/\/protechtex.com\/wp-content\/uploads\/2024\/03\/57c-300x172.jpg 300w, https:\/\/protechtex.com\/wp-content\/uploads\/2024\/03\/57c-1024x588.jpg 1024w, https:\/\/protechtex.com\/wp-content\/uploads\/2024\/03\/57c-768x441.jpg 768w, https:\/\/protechtex.com\/wp-content\/uploads\/2024\/03\/57c-1536x882.jpg 1536w\" sizes=\"(max-width: 1729px) 100vw, 1729px\" \/><\/figure>\n<\/div>\n<\/div>\n\n\n\n<div style=\"height:54px\" aria-hidden=\"true\" class=\"wp-block-spacer\"><\/div>\n<\/div><\/div>\n<\/div><\/div>\n\n<div class=\"wp-block-group full-width has-black-background-color has-background is-layout-constrained wp-block-group-is-layout-constrained\" data-scroll-section=\"\"><div class=\"wp-block-group__inner-container\">\n<div style=\"height:10px\" aria-hidden=\"true\" class=\"wp-block-spacer\"><\/div>\n\n\n\n<div class=\"wp-block-columns big-gap max-width is-layout-flex wp-container-core-columns-layout-7 wp-block-columns-is-layout-flex\">\n<div class=\"wp-block-column is-layout-flow wp-block-column-is-layout-flow\"><div class=\"wp-block-image\">\n<figure class=\"aligncenter size-full is-resized\"><img loading=\"lazy\" decoding=\"async\" width=\"640\" height=\"640\" src=\"https:\/\/protechtex.com\/wp-content\/uploads\/2023\/10\/30a5Pq2CB1z8vEYjgMdwlLhzQnsqCbXkMci7KfhjyIzb6v7b3QJ0CuUPCw2SEWZ9.png\" alt=\"\" class=\"wp-image-847\" style=\"width:300px\" srcset=\"https:\/\/protechtex.com\/wp-content\/uploads\/2023\/10\/30a5Pq2CB1z8vEYjgMdwlLhzQnsqCbXkMci7KfhjyIzb6v7b3QJ0CuUPCw2SEWZ9.png 640w, https:\/\/protechtex.com\/wp-content\/uploads\/2023\/10\/30a5Pq2CB1z8vEYjgMdwlLhzQnsqCbXkMci7KfhjyIzb6v7b3QJ0CuUPCw2SEWZ9-300x300.png 300w, https:\/\/protechtex.com\/wp-content\/uploads\/2023\/10\/30a5Pq2CB1z8vEYjgMdwlLhzQnsqCbXkMci7KfhjyIzb6v7b3QJ0CuUPCw2SEWZ9-150x150.png 150w\" sizes=\"(max-width: 640px) 100vw, 640px\" \/><\/figure><\/div>\n\n\n<h3 class=\"wp-block-heading\">Certificacions<\/h3>\n\n\n\n<p>A Protechtex, la nostra recerca de l&#8217;excel\u00b7l\u00e8ncia i la seguretat \u00e9s indiscutible. Tots els nostres productes s\u00f3n sotmesos a rigoroses proves i certificacions en laboratoris homologats de prestigi, com AITEX, INTA i LEITAT.<br\/><br\/>Garantim que els nostres teixits compleixen amb els est\u00e0ndards m\u00e9s exigents de qualitat i seguretat, responent a la confian\u00e7a dipositada pels nostres clients en cada producte que oferim.<\/p>\n<\/div>\n\n\n\n<div class=\"wp-block-column is-layout-flow wp-block-column-is-layout-flow\"><div class=\"wp-block-image\">\n<figure class=\"aligncenter size-full is-resized\"><img loading=\"lazy\" decoding=\"async\" width=\"725\" height=\"725\" src=\"https:\/\/protechtex.com\/wp-content\/uploads\/2023\/10\/271kLd61XR64NfCucBtH3podZhSm3ZnCPAPRhg652Julf2VN5A7225UhLwMy4D0q.png\" alt=\"\" class=\"wp-image-848\" style=\"width:300px\" srcset=\"https:\/\/protechtex.com\/wp-content\/uploads\/2023\/10\/271kLd61XR64NfCucBtH3podZhSm3ZnCPAPRhg652Julf2VN5A7225UhLwMy4D0q.png 725w, https:\/\/protechtex.com\/wp-content\/uploads\/2023\/10\/271kLd61XR64NfCucBtH3podZhSm3ZnCPAPRhg652Julf2VN5A7225UhLwMy4D0q-300x300.png 300w, https:\/\/protechtex.com\/wp-content\/uploads\/2023\/10\/271kLd61XR64NfCucBtH3podZhSm3ZnCPAPRhg652Julf2VN5A7225UhLwMy4D0q-150x150.png 150w\" sizes=\"(max-width: 725px) 100vw, 725px\" \/><\/figure><\/div>\n\n\n<h3 class=\"wp-block-heading\">Patents<\/h3>\n\n\n\n<p>Les nostres patents s\u00f3n un testimoni de l&#8217;efic\u00e0cia i la innovaci\u00f3 dels nostres productes. Demostrem el nostre comprom\u00eds de desenvolupament constant de solucions pioneres en el mercat, assegurant aix\u00ed que els nostres productes de protecci\u00f3 siguin veritablement \u00fanics.<\/p>\n<\/div>\n<\/div>\n\n\n\n<div style=\"height:46px\" aria-hidden=\"true\" class=\"wp-block-spacer\"><\/div>\n<\/div><\/div>\n","protected":false},"excerpt":{"rendered":"<p>Solucions personalitzadesper la protecci\u00f3 m\u00e9s eficient Adaptem els nostres teixits a les teves necessitats \u00faniques, oferint la m\u00e0xima seguretat i rendiment en qualsevol ind\u00fastria o entorn laboral. Serveis Protecci\u00f3 \u00f2ptima [&hellip;]<\/p>\n","protected":false},"author":1,"featured_media":0,"parent":0,"menu_order":0,"comment_status":"closed","ping_status":"closed","template":"template-transparent-header.php","meta":{"footnotes":""},"_links":{"self":[{"href":"https:\/\/protechtex.com\/ca\/wp-json\/wp\/v2\/pages\/1296"}],"collection":[{"href":"https:\/\/protechtex.com\/ca\/wp-json\/wp\/v2\/pages"}],"about":[{"href":"https:\/\/protechtex.com\/ca\/wp-json\/wp\/v2\/types\/page"}],"author":[{"embeddable":true,"href":"https:\/\/protechtex.com\/ca\/wp-json\/wp\/v2\/users\/1"}],"replies":[{"embeddable":true,"href":"https:\/\/protechtex.com\/ca\/wp-json\/wp\/v2\/comments?post=1296"}],"version-history":[{"count":4,"href":"https:\/\/protechtex.com\/ca\/wp-json\/wp\/v2\/pages\/1296\/revisions"}],"predecessor-version":[{"id":1471,"href":"https:\/\/protechtex.com\/ca\/wp-json\/wp\/v2\/pages\/1296\/revisions\/1471"}],"wp:attachment":[{"href":"https:\/\/protechtex.com\/ca\/wp-json\/wp\/v2\/media?parent=1296"}],"curies":[{"name":"wp","href":"https:\/\/api.w.org\/{rel}","templated":true}]}}