{"id":1293,"date":"2023-10-17T10:18:07","date_gmt":"2023-10-17T08:18:07","guid":{"rendered":"https:\/\/protechtex.com\/tecnologia\/"},"modified":"2024-03-26T16:03:24","modified_gmt":"2024-03-26T14:03:24","slug":"tecnologia","status":"publish","type":"page","link":"https:\/\/protechtex.com\/ca\/tecnologia\/","title":{"rendered":"Tecnologia"},"content":{"rendered":"\n<div class=\"wp-block-group header-video full-width no-margin-bottom is-layout-constrained wp-block-group-is-layout-constrained\" data-scroll-section=\"\"><div class=\"wp-block-group__inner-container\">\n<h1 class=\"wp-block-heading padding-sides\">Tecnologia Avan\u00e7ada per a Solucions de Protecci\u00f3<\/h1>\n\n\n\n<figure class=\"wp-block-video centerright darken\"><video autoplay=\"\" loop=\"\" muted=\"\" preload=\"auto\" src=\"https:\/\/player.vimeo.com\/progressive_redirect\/playback\/876297016\/rendition\/1080p\/file.mp4?loc=external&amp;log_user=0&amp;signature=a8ec9d82d149d2e7dc02137084b6397708f81cd7d2d63e3d8001b454f00a13d6\" playsinline=\"\"><\/video><\/figure>\n<\/div><\/div>\n\n<div style=\"height:38px\" aria-hidden=\"true\" class=\"wp-block-spacer mobile\" data-scroll-section=\"\"><\/div>\n\n<div class=\"wp-block-group full-width has-black-color has-white-background-color has-text-color has-background is-layout-constrained wp-block-group-is-layout-constrained\" data-scroll-section=\"\"><div class=\"wp-block-group__inner-container\">\n<div class=\"wp-block-group full-width has-white-background-color has-background is-layout-constrained wp-block-group-is-layout-constrained\" data-scroll=\"\" data-scroll-speed=\"1\"><div class=\"wp-block-group__inner-container\">\n<div style=\"height:67px\" aria-hidden=\"true\" class=\"wp-block-spacer\"><\/div>\n\n\n\n<h2 class=\"wp-block-heading max-width-wide\">Desafiant el preestablert per<br\/>reinventar la ind\u00fastria de la seguretat<\/h2>\n\n\n\n<div style=\"height:1px\" aria-hidden=\"true\" class=\"wp-block-spacer\"><\/div>\n\n\n\n<div class=\"wp-block-columns max-width-wide big-gap is-layout-flex wp-container-core-columns-layout-1 wp-block-columns-is-layout-flex\">\n<div class=\"wp-block-column is-layout-flow wp-block-column-is-layout-flow\">\n<figure class=\"wp-block-image size-full\"><img loading=\"lazy\" decoding=\"async\" width=\"624\" height=\"414\" src=\"https:\/\/protechtex.com\/wp-content\/uploads\/2024\/03\/GettyImages-pixels.jpg\" alt=\"\" class=\"wp-image-1352\" srcset=\"https:\/\/protechtex.com\/wp-content\/uploads\/2024\/03\/GettyImages-pixels.jpg 624w, https:\/\/protechtex.com\/wp-content\/uploads\/2024\/03\/GettyImages-pixels-300x199.jpg 300w\" sizes=\"(max-width: 624px) 100vw, 624px\" \/><\/figure>\n\n\n\n<h3 class=\"wp-block-heading\">Nanotecnologia en Teixits<\/h3>\n\n\n\n<p>Implementem la nanotecnologia en la creaci\u00f3 de teixits ultrafins per\u00f2 incre\u00efblement resistents. Aquests teixits proporcionen una protecci\u00f3 excepcional sense comprometre la comoditat, oferint-te una sensaci\u00f3 de seguretat sense igual.<\/p>\n<\/div>\n\n\n\n<div class=\"wp-block-column is-layout-flow wp-block-column-is-layout-flow\">\n<figure class=\"wp-block-image size-full\"><img loading=\"lazy\" decoding=\"async\" width=\"624\" height=\"414\" src=\"https:\/\/protechtex.com\/wp-content\/uploads\/2023\/10\/absorcion.jpg\" alt=\"\" class=\"wp-image-824\" srcset=\"https:\/\/protechtex.com\/wp-content\/uploads\/2023\/10\/absorcion.jpg 624w, https:\/\/protechtex.com\/wp-content\/uploads\/2023\/10\/absorcion-300x199.jpg 300w\" sizes=\"(max-width: 624px) 100vw, 624px\" \/><\/figure>\n\n\n\n<h3 class=\"wp-block-heading\">Capacitat d&#8217;Absorci\u00f3 d&#8217;Impactes<\/h3>\n\n\n\n<p>Els nostres teixits estan estrat\u00e8gicament dissenyats amb capes especialitzades que absorbeixen i dispersen l&#8217;energia dels impactes. Aix\u00f2 afegeix una protecci\u00f3 addicional en situacions cr\u00edtiques, on no nom\u00e9s compte evitar la penetraci\u00f3 sin\u00f3 tamb\u00e9 parar l\u2019impacte.<\/p>\n<\/div>\n\n\n\n<div class=\"wp-block-column is-layout-flow wp-block-column-is-layout-flow\">\n<figure class=\"wp-block-image size-full\"><img loading=\"lazy\" decoding=\"async\" width=\"624\" height=\"414\" src=\"https:\/\/protechtex.com\/wp-content\/uploads\/2023\/10\/cortes.jpg\" alt=\"\" class=\"wp-image-825\" srcset=\"https:\/\/protechtex.com\/wp-content\/uploads\/2023\/10\/cortes.jpg 624w, https:\/\/protechtex.com\/wp-content\/uploads\/2023\/10\/cortes-300x199.jpg 300w\" sizes=\"(max-width: 624px) 100vw, 624px\" \/><\/figure>\n\n\n\n<h3 class=\"wp-block-heading\">Resist\u00e8ncia a Talls, Punxades i ganivetades<\/h3>\n\n\n\n<p>Desenvolupem estructures t\u00e8xtils que s\u00f3n pr\u00e0cticament impenetrables, garantint una seguretat de primer nivell en entorns on la resist\u00e8ncia a talls i punxades \u00e9s essencial.<\/p>\n<\/div>\n<\/div>\n\n\n\n<div style=\"height:20px\" aria-hidden=\"true\" class=\"wp-block-spacer\"><\/div>\n\n\n\n<div class=\"wp-block-columns max-width-wide big-gap is-layout-flex wp-container-core-columns-layout-2 wp-block-columns-is-layout-flex\">\n<div class=\"wp-block-column is-layout-flow wp-block-column-is-layout-flow\">\n<figure class=\"wp-block-image size-full\"><img loading=\"lazy\" decoding=\"async\" width=\"624\" height=\"414\" src=\"https:\/\/protechtex.com\/wp-content\/uploads\/2024\/03\/fragmentacion-2.jpg\" alt=\"\" class=\"wp-image-1363\" srcset=\"https:\/\/protechtex.com\/wp-content\/uploads\/2024\/03\/fragmentacion-2.jpg 624w, https:\/\/protechtex.com\/wp-content\/uploads\/2024\/03\/fragmentacion-2-300x199.jpg 300w\" sizes=\"(max-width: 624px) 100vw, 624px\" \/><\/figure>\n\n\n\n<h3 class=\"wp-block-heading\">Tecnologia Anti-fragmentaci\u00f3<\/h3>\n\n\n\n<p>La nostra tecnologia anti-fragmentaci\u00f3 ofereix una defensa efectiva contra amenaces de fragmentaci\u00f3 d&#8217;explosius, elevant la seguretat en situacions d&#8217;alt risc a un nou est\u00e0ndard.<\/p>\n<\/div>\n\n\n\n<div class=\"wp-block-column is-layout-flow wp-block-column-is-layout-flow\">\n<figure class=\"wp-block-image size-full\"><img loading=\"lazy\" decoding=\"async\" width=\"624\" height=\"414\" src=\"https:\/\/protechtex.com\/wp-content\/uploads\/2024\/03\/Tailoring-and-Cutting-at-Gieves-Hawkes-No_1-Savile-Row_-The-3-Piece-Suit-2013.jpg\" alt=\"\" class=\"wp-image-1438\" srcset=\"https:\/\/protechtex.com\/wp-content\/uploads\/2024\/03\/Tailoring-and-Cutting-at-Gieves-Hawkes-No_1-Savile-Row_-The-3-Piece-Suit-2013.jpg 624w, https:\/\/protechtex.com\/wp-content\/uploads\/2024\/03\/Tailoring-and-Cutting-at-Gieves-Hawkes-No_1-Savile-Row_-The-3-Piece-Suit-2013-300x199.jpg 300w\" sizes=\"(max-width: 624px) 100vw, 624px\" \/><\/figure>\n\n\n\n<h3 class=\"wp-block-heading\">Teixits Personalitzats<\/h3>\n\n\n\n<p>A Protechtex Solutions, creem teixits a mida, que s&#8217;adapten a les necessitats espec\u00edfiques dels nostres clients. Cada producte est\u00e0 dissenyat per oferir la m\u00e0xima protecci\u00f3 i comoditat, personalitzat segons els teus requisits individuals.<\/p>\n<\/div>\n\n\n\n<div class=\"wp-block-column is-layout-flow wp-block-column-is-layout-flow\">\n<figure class=\"wp-block-image size-full\"><img loading=\"lazy\" decoding=\"async\" width=\"624\" height=\"414\" src=\"https:\/\/protechtex.com\/wp-content\/uploads\/2023\/10\/industrializado.jpg\" alt=\"\" class=\"wp-image-827\" srcset=\"https:\/\/protechtex.com\/wp-content\/uploads\/2023\/10\/industrializado.jpg 624w, https:\/\/protechtex.com\/wp-content\/uploads\/2023\/10\/industrializado-300x199.jpg 300w\" sizes=\"(max-width: 624px) 100vw, 624px\" \/><\/figure>\n\n\n\n<h3 class=\"wp-block-heading\">Industrialitzaci\u00f3 Eficient<\/h3>\n\n\n\n<p>La nostra capacitat de producci\u00f3 t\u00e8xtil sota demanda ens permet escalar la fabricaci\u00f3 de productes d&#8217;alta qualitat, mantenint est\u00e0ndards rigorosos en cada pas del proc\u00e9s i garantitzant l&#8217;efectivitat de cada producte que se serveix.<\/p>\n<\/div>\n<\/div>\n\n\n\n<div style=\"height:71px\" aria-hidden=\"true\" class=\"wp-block-spacer\"><\/div>\n<\/div><\/div>\n<\/div><\/div>\n\n<div class=\"wp-block-group max-width-wide full-width has-black-background-color has-background is-layout-flow wp-block-group-is-layout-flow\" data-scroll-section=\"\"><div class=\"wp-block-group__inner-container\">\n<div class=\"wp-block-group max-width-wide is-layout-constrained wp-block-group-is-layout-constrained\"><div class=\"wp-block-group__inner-container\">\n<div style=\"height:46px\" aria-hidden=\"true\" class=\"wp-block-spacer\"><\/div>\n\n\n\n<div class=\"wp-block-columns are-vertically-aligned-center is-layout-flex wp-container-core-columns-layout-3 wp-block-columns-is-layout-flex\">\n<div class=\"wp-block-column is-vertically-aligned-center is-layout-flow wp-block-column-is-layout-flow\">\n<figure class=\"wp-block-image size-large\"><img loading=\"lazy\" decoding=\"async\" width=\"1024\" height=\"792\" src=\"https:\/\/protechtex.com\/wp-content\/uploads\/2024\/03\/Artboard-1_b-1-1024x792.jpg\" alt=\"\" class=\"wp-image-1446\" srcset=\"https:\/\/protechtex.com\/wp-content\/uploads\/2024\/03\/Artboard-1_b-1-1024x792.jpg 1024w, https:\/\/protechtex.com\/wp-content\/uploads\/2024\/03\/Artboard-1_b-1-300x232.jpg 300w, https:\/\/protechtex.com\/wp-content\/uploads\/2024\/03\/Artboard-1_b-1-768x594.jpg 768w, https:\/\/protechtex.com\/wp-content\/uploads\/2024\/03\/Artboard-1_b-1.jpg 1369w\" sizes=\"(max-width: 1024px) 100vw, 1024px\" \/><\/figure>\n<\/div>\n\n\n\n<div class=\"wp-block-column is-vertically-aligned-center text-column is-layout-flow wp-block-column-is-layout-flow\" data-scroll-speed=\"1\" data-scroll=\"\">\n<h2 class=\"wp-block-heading\">La nostra tecnologia<\/h2>\n\n\n\n<p>A Protechtex, considerem que la tecnologia i la selecci\u00f3 de materials constitueixen el nucli de les nostres solucions t\u00e8xtils avan\u00e7ades. La nostra capacitat per oferir productes l\u00edders en protecci\u00f3 i comoditat es basa en la fusi\u00f3 de les nostres estructures t\u00e8xtils patentades amb fils d&#8217;alta tenacitat de formulaci\u00f3 pr\u00f2pia. Incorporem la tecnologia t\u00e8xtil m\u00e9s avan\u00e7ada juntament amb components d&#8217;avantguarda per assolir una absorci\u00f3 d&#8217;impactes excepcional.<\/p>\n<\/div>\n<\/div>\n\n\n\n<div style=\"height:46px\" aria-hidden=\"true\" class=\"wp-block-spacer\"><\/div>\n<\/div><\/div>\n<\/div><\/div>\n","protected":false},"excerpt":{"rendered":"<p>Tecnologia Avan\u00e7ada per a Solucions de Protecci\u00f3 Desafiant el preestablert perreinventar la ind\u00fastria de la seguretat Nanotecnologia en Teixits Implementem la nanotecnologia en la creaci\u00f3 de teixits ultrafins per\u00f2 incre\u00efblement [&hellip;]<\/p>\n","protected":false},"author":1,"featured_media":0,"parent":0,"menu_order":0,"comment_status":"closed","ping_status":"closed","template":"template-transparent-header.php","meta":{"footnotes":""},"_links":{"self":[{"href":"https:\/\/protechtex.com\/ca\/wp-json\/wp\/v2\/pages\/1293"}],"collection":[{"href":"https:\/\/protechtex.com\/ca\/wp-json\/wp\/v2\/pages"}],"about":[{"href":"https:\/\/protechtex.com\/ca\/wp-json\/wp\/v2\/types\/page"}],"author":[{"embeddable":true,"href":"https:\/\/protechtex.com\/ca\/wp-json\/wp\/v2\/users\/1"}],"replies":[{"embeddable":true,"href":"https:\/\/protechtex.com\/ca\/wp-json\/wp\/v2\/comments?post=1293"}],"version-history":[{"count":3,"href":"https:\/\/protechtex.com\/ca\/wp-json\/wp\/v2\/pages\/1293\/revisions"}],"predecessor-version":[{"id":1469,"href":"https:\/\/protechtex.com\/ca\/wp-json\/wp\/v2\/pages\/1293\/revisions\/1469"}],"wp:attachment":[{"href":"https:\/\/protechtex.com\/ca\/wp-json\/wp\/v2\/media?parent=1293"}],"curies":[{"name":"wp","href":"https:\/\/api.w.org\/{rel}","templated":true}]}}