{"id":1290,"date":"2023-10-17T10:18:15","date_gmt":"2023-10-17T08:18:15","guid":{"rendered":"https:\/\/protechtex.com\/coneix-nos\/"},"modified":"2024-03-26T16:02:41","modified_gmt":"2024-03-26T14:02:41","slug":"coneix-nos","status":"publish","type":"page","link":"https:\/\/protechtex.com\/ca\/coneix-nos\/","title":{"rendered":"Coneix-nos"},"content":{"rendered":"\n<div class=\"wp-block-group header-video full-width is-layout-constrained wp-block-group-is-layout-constrained\" data-scroll-section=\"\"><div class=\"wp-block-group__inner-container\">\n<h1 class=\"wp-block-heading padding-sides\" data-scroll=\"\" data-scroll-speed=\"-1\">La Nostra Empresa<\/h1>\n\n\n\n<figure class=\"wp-block-video topleft darken\"><video autoplay=\"\" loop=\"\" muted=\"\" src=\"https:\/\/player.vimeo.com\/progressive_redirect\/playback\/876297052\/rendition\/1080p\/file.mp4?loc=external&amp;log_user=0&amp;signature=1c53d481937fa9408905092156e979aa3d89818dbb61ac26f8e49c5adc9726e2\" playsinline=\"\"><\/video><\/figure>\n<\/div><\/div>\n\n<div class=\"wp-block-group full-width has-white-background-color has-background is-layout-constrained wp-block-group-is-layout-constrained\" data-scroll-section=\"\"><div class=\"wp-block-group__inner-container\">\n<div class=\"wp-block-group max-width-narrow is-layout-constrained wp-block-group-is-layout-constrained\" data-scroll=\"\"><div class=\"wp-block-group__inner-container\">\n<div style=\"height:79px\" aria-hidden=\"true\" class=\"wp-block-spacer\"><\/div>\n\n\n\n<h2 class=\"wp-block-heading has-text-align-center has-black-color has-text-color\">Valors<\/h2>\n\n\n\n<p class=\"has-black-color has-text-color has-medium-font-size\">A Protechtex Solutions, ens guiem pels valors fonamentals de la innovaci\u00f3 constant, la integritat, la col\u00b7laboraci\u00f3 i la responsabilitat social. Valorem l&#8217;\u00e8tica en els negocis, la creativitat en la resoluci\u00f3 de problemes i el comprom\u00eds amb la seguretat i el benestar de les comunitats que servim.<\/p>\n\n\n\n<div style=\"height:70px\" aria-hidden=\"true\" class=\"wp-block-spacer\"><\/div>\n<\/div><\/div>\n<\/div><\/div>\n\n<div class=\"wp-block-group max-width-wide full-width background-gradient is-layout-flow wp-block-group-is-layout-flow\" data-scroll-section=\"\"><div class=\"wp-block-group__inner-container\">\n<div style=\"height:106px\" aria-hidden=\"true\" class=\"wp-block-spacer\"><\/div>\n\n\n\n<div class=\"wp-block-columns are-vertically-aligned-center max-width-wide big-gap is-layout-flex wp-container-core-columns-layout-1 wp-block-columns-is-layout-flex\">\n<div class=\"wp-block-column is-vertically-aligned-center text-column is-layout-flow wp-block-column-is-layout-flow\">\n<h2 class=\"wp-block-heading\">Missi\u00f3<\/h2>\n\n\n\n<p class=\"has-medium-font-size\">A Protechtex, la nostra missi\u00f3 \u00e9s oferir solucions d&#8217;innovaci\u00f3 t\u00e8xtil pr\u00f2pies que protegeixin i salvin vides de forma sostenible i responsable, a trav\u00e9s de la qualitat dels nostres productes i el constant impuls cap a la recerca perqu\u00e8 la societat se senti m\u00e9s segura.<\/p>\n<\/div>\n\n\n\n<div class=\"wp-block-column is-vertically-aligned-center text-column is-layout-flow wp-block-column-is-layout-flow\">\n<h2 class=\"wp-block-heading\">Visi\u00f3<\/h2>\n\n\n\n<p class=\"has-medium-font-size\">La nostra visi\u00f3 \u00e9s ser reconeguts globalment com l&#8217;empresa l\u00edder en recerca, desenvolupament i fabricaci\u00f3 de solucions t\u00e8xtils de protecci\u00f3 pr\u00f2pies, destacant per la nostra excel\u00b7l\u00e8ncia en productes, servei al client i comprom\u00eds amb la seguretat laboral en m\u00faltiples sectors.<\/p>\n<\/div>\n<\/div>\n\n\n\n<div style=\"height:123px\" aria-hidden=\"true\" class=\"wp-block-spacer\"><\/div>\n\n\n\n<figure class=\"wp-block-image size-full background-image\"><img loading=\"lazy\" decoding=\"async\" width=\"626\" height=\"352\" src=\"https:\/\/protechtex.com\/wp-content\/uploads\/2024\/01\/organic_gradient_background.png\" alt=\"\" class=\"wp-image-990\" srcset=\"https:\/\/protechtex.com\/wp-content\/uploads\/2024\/01\/organic_gradient_background.png 626w, https:\/\/protechtex.com\/wp-content\/uploads\/2024\/01\/organic_gradient_background-300x169.png 300w\" sizes=\"(max-width: 626px) 100vw, 626px\" \/><\/figure>\n<\/div><\/div>\n","protected":false},"excerpt":{"rendered":"<p>La Nostra Empresa Valors A Protechtex Solutions, ens guiem pels valors fonamentals de la innovaci\u00f3 constant, la integritat, la col\u00b7laboraci\u00f3 i la responsabilitat social. Valorem l&#8217;\u00e8tica en els negocis, la [&hellip;]<\/p>\n","protected":false},"author":1,"featured_media":0,"parent":0,"menu_order":0,"comment_status":"closed","ping_status":"closed","template":"template-transparent-header.php","meta":{"footnotes":""},"_links":{"self":[{"href":"https:\/\/protechtex.com\/ca\/wp-json\/wp\/v2\/pages\/1290"}],"collection":[{"href":"https:\/\/protechtex.com\/ca\/wp-json\/wp\/v2\/pages"}],"about":[{"href":"https:\/\/protechtex.com\/ca\/wp-json\/wp\/v2\/types\/page"}],"author":[{"embeddable":true,"href":"https:\/\/protechtex.com\/ca\/wp-json\/wp\/v2\/users\/1"}],"replies":[{"embeddable":true,"href":"https:\/\/protechtex.com\/ca\/wp-json\/wp\/v2\/comments?post=1290"}],"version-history":[{"count":5,"href":"https:\/\/protechtex.com\/ca\/wp-json\/wp\/v2\/pages\/1290\/revisions"}],"predecessor-version":[{"id":1462,"href":"https:\/\/protechtex.com\/ca\/wp-json\/wp\/v2\/pages\/1290\/revisions\/1462"}],"wp:attachment":[{"href":"https:\/\/protechtex.com\/ca\/wp-json\/wp\/v2\/media?parent=1290"}],"curies":[{"name":"wp","href":"https:\/\/api.w.org\/{rel}","templated":true}]}}