{"id":1262,"date":"2020-06-12T07:40:16","date_gmt":"2020-06-12T05:40:16","guid":{"rendered":"https:\/\/protechtex.com\/inici\/"},"modified":"2024-03-26T16:02:15","modified_gmt":"2024-03-26T14:02:15","slug":"inici","status":"publish","type":"page","link":"https:\/\/protechtex.com\/ca\/","title":{"rendered":"Inici"},"content":{"rendered":"\n<div class=\"wp-block-group header-video full-width full-height is-layout-constrained wp-block-group-is-layout-constrained\" data-scroll-section=\"\"><div class=\"wp-block-group__inner-container\">\n<div class=\"wp-block-group appear is-layout-constrained wp-block-group-is-layout-constrained\" data-scroll-speed=\"2\" data-scroll=\"\"><div class=\"wp-block-group__inner-container\">\n<h1 class=\"wp-block-heading max-width move up\">Teixint Seguretat<br\/>i Confort a Mida<\/h1>\n\n\n\n<div style=\"height:1px\" aria-hidden=\"true\" class=\"wp-block-spacer\"><\/div>\n\n\n\n<p class=\"move delay up max-width-text-mobile has-medium-font-size\">Especialistes en teixits t\u00e8cnics de protecci\u00f3<\/p>\n\n\n\n<div style=\"height:40px\" aria-hidden=\"true\" class=\"wp-block-spacer\"><\/div>\n<\/div><\/div>\n\n\n\n<figure class=\"wp-block-video\"><video autoplay=\"\" loop=\"\" muted=\"\" preload=\"auto\" src=\"https:\/\/player.vimeo.com\/progressive_redirect\/playback\/875112343\/rendition\/1080p\/file.mp4?loc=external&amp;log_user=0&amp;signature=d6161201449dd1569c1f3f8ae649a9e135cd769834049323b1d82fd32f5cce24\" playsinline=\"\"><\/video><\/figure>\n<\/div><\/div>\n\n<div class=\"wp-block-group full-width is-layout-constrained wp-block-group-is-layout-constrained\" data-scroll-section=\"\"><div class=\"wp-block-group__inner-container\">\n<div class=\"wp-block-group full-width has-white-background-color has-background is-layout-constrained wp-block-group-is-layout-constrained\" data-scroll-speed=\"1\" data-scroll=\"\"><div class=\"wp-block-group__inner-container\">\n<div style=\"height:93px\" aria-hidden=\"true\" id=\"masinfo\" class=\"wp-block-spacer\"><\/div>\n\n\n\n<div class=\"wp-block-group max-width-narrow is-layout-constrained wp-block-group-is-layout-constrained\"><div class=\"wp-block-group__inner-container\">\n<h2 class=\"wp-block-heading has-text-align-center has-black-color has-text-color has-large-font-size\">Innovem al sector t\u00e8xtil de protecci\u00f3. Protecci\u00f3 anti-tall, anti-punyalades i resist\u00e8ncia a la fragmentaci\u00f3 d\u2019explosius.<\/h2>\n\n\n\n<div style=\"height:10px\" aria-hidden=\"true\" class=\"wp-block-spacer\"><\/div>\n\n\n\n<p class=\"has-text-align-center button-link has-text-color\" style=\"color:#2f36cb\"><a href=\"https:\/\/protechtex.com\/ca\/coneix-nos\/\" data-type=\"page\" data-id=\"643\">Coneix-nos<\/a><\/p>\n<\/div><\/div>\n\n\n\n<div style=\"height:90px\" aria-hidden=\"true\" class=\"wp-block-spacer\"><\/div>\n<\/div><\/div>\n<\/div><\/div>\n\n<div class=\"wp-block-group full-width background-gradient has-white-color has-black-background-color has-text-color has-background is-layout-constrained wp-block-group-is-layout-constrained\" data-scroll-section=\"\"><div class=\"wp-block-group__inner-container\">\n<div class=\"wp-block-group max-width-wide is-layout-constrained wp-block-group-is-layout-constrained\"><div class=\"wp-block-group__inner-container\">\n<div style=\"height:120px\" aria-hidden=\"true\" class=\"wp-block-spacer\"><\/div>\n\n\n\n<div class=\"wp-block-columns are-vertically-aligned-center big-gap is-layout-flex wp-container-core-columns-layout-1 wp-block-columns-is-layout-flex\" data-scroll-speed=\"-1\" data-scroll=\"\">\n<div class=\"wp-block-column is-vertically-aligned-center is-layout-flow wp-block-column-is-layout-flow\">\n<h2 class=\"wp-block-heading has-x-large-font-size\">Tecnologia avan\u00e7ada<br\/>i innovaci\u00f3 en cada fil<\/h2>\n\n\n\n<p class=\"has-medium-font-size\">La nostra capacitat per oferir productes l\u00edders en protecci\u00f3 i comoditat es basa en una combinaci\u00f3 \u00fanica dels nostres materials i components avan\u00e7ats junt amb la nostra innovaci\u00f3 en processos industrials d&#8217;avantguarda. Aquests abasten des de teixits que s\u00f3n pr\u00e0cticament impossibles de tallar o perforar fins a teixits resistents a la fragmentaci\u00f3 d&#8217;explosius entre moltes altres propietats.<\/p>\n\n\n\n<p class=\"has-medium-font-size\">A trav\u00e9s de col\u00b7laboracions globals, visualitzem un futur on els nostres productes innovadors siguin sin\u00f2nim de protecci\u00f3 i confort.<\/p>\n<\/div>\n\n\n\n<div class=\"wp-block-column is-vertically-aligned-center is-layout-flow wp-block-column-is-layout-flow\">\n<figure class=\"wp-block-image size-full\"><img loading=\"lazy\" decoding=\"async\" width=\"1536\" height=\"1536\" src=\"https:\/\/protechtex.com\/wp-content\/uploads\/2024\/03\/openart-4326b01f5cf6482384af918d8bbfbd97.jpg\" alt=\"\" class=\"wp-image-1374\" style=\"aspect-ratio:1;object-fit:cover\" srcset=\"https:\/\/protechtex.com\/wp-content\/uploads\/2024\/03\/openart-4326b01f5cf6482384af918d8bbfbd97.jpg 1536w, https:\/\/protechtex.com\/wp-content\/uploads\/2024\/03\/openart-4326b01f5cf6482384af918d8bbfbd97-300x300.jpg 300w, https:\/\/protechtex.com\/wp-content\/uploads\/2024\/03\/openart-4326b01f5cf6482384af918d8bbfbd97-1024x1024.jpg 1024w, https:\/\/protechtex.com\/wp-content\/uploads\/2024\/03\/openart-4326b01f5cf6482384af918d8bbfbd97-150x150.jpg 150w, https:\/\/protechtex.com\/wp-content\/uploads\/2024\/03\/openart-4326b01f5cf6482384af918d8bbfbd97-768x768.jpg 768w\" sizes=\"(max-width: 1536px) 100vw, 1536px\" \/><\/figure>\n<\/div>\n<\/div>\n\n\n\n<div style=\"height:120px\" aria-hidden=\"true\" class=\"wp-block-spacer\"><\/div>\n\n\n\n<figure class=\"wp-block-image size-full background-image\"><img loading=\"lazy\" decoding=\"async\" width=\"626\" height=\"352\" src=\"https:\/\/protechtex.com\/wp-content\/uploads\/2024\/01\/organic_gradient_background.png\" alt=\"\" class=\"wp-image-990\" srcset=\"https:\/\/protechtex.com\/wp-content\/uploads\/2024\/01\/organic_gradient_background.png 626w, https:\/\/protechtex.com\/wp-content\/uploads\/2024\/01\/organic_gradient_background-300x169.png 300w\" sizes=\"(max-width: 626px) 100vw, 626px\" \/><\/figure>\n<\/div><\/div>\n<\/div><\/div>\n\n<div id=\"block-up\" class=\"wp-block-group full-width has-black-color has-white-background-color has-text-color has-background is-layout-constrained wp-block-group-is-layout-constrained\" data-scroll-section=\"\"><div class=\"wp-block-group__inner-container\">\n<div style=\"height:10px\" aria-hidden=\"true\" class=\"wp-block-spacer\"><\/div>\n\n\n\n<div class=\"wp-block-group max-width-wide is-layout-constrained wp-block-group-is-layout-constrained\"><div class=\"wp-block-group__inner-container\">\n<div style=\"height:64px\" aria-hidden=\"true\" class=\"wp-block-spacer\"><\/div>\n\n\n\n<h2 class=\"wp-block-heading max-width-title has-x-large-font-size\">Solucions personalitzades per a la protecci\u00f3 m\u00e9s eficient<\/h2>\n\n\n\n<div class=\"wp-block-columns big-gap is-layout-flex wp-container-core-columns-layout-2 wp-block-columns-is-layout-flex\">\n<div class=\"wp-block-column same-height is-layout-flow wp-block-column-is-layout-flow\">\n<figure class=\"wp-block-image size-full\"><img loading=\"lazy\" decoding=\"async\" width=\"1024\" height=\"1024\" src=\"https:\/\/protechtex.com\/wp-content\/uploads\/2023\/10\/31L65GRPl0WSs3qkfT48dDk8tmL9Ir1ax6yLR5J7LU4RIKqPzQ6sfl0qzRjYK2w2.jpg\" alt=\"\" class=\"wp-image-896\" srcset=\"https:\/\/protechtex.com\/wp-content\/uploads\/2023\/10\/31L65GRPl0WSs3qkfT48dDk8tmL9Ir1ax6yLR5J7LU4RIKqPzQ6sfl0qzRjYK2w2.jpg 1024w, https:\/\/protechtex.com\/wp-content\/uploads\/2023\/10\/31L65GRPl0WSs3qkfT48dDk8tmL9Ir1ax6yLR5J7LU4RIKqPzQ6sfl0qzRjYK2w2-300x300.jpg 300w, https:\/\/protechtex.com\/wp-content\/uploads\/2023\/10\/31L65GRPl0WSs3qkfT48dDk8tmL9Ir1ax6yLR5J7LU4RIKqPzQ6sfl0qzRjYK2w2-150x150.jpg 150w, https:\/\/protechtex.com\/wp-content\/uploads\/2023\/10\/31L65GRPl0WSs3qkfT48dDk8tmL9Ir1ax6yLR5J7LU4RIKqPzQ6sfl0qzRjYK2w2-768x768.jpg 768w\" sizes=\"(max-width: 1024px) 100vw, 1024px\" \/><\/figure>\n\n\n\n<h3 class=\"wp-block-heading\">Protecci\u00f3 a Mida<\/h3>\n\n\n\n<p class=\"flex-grow\">A Protechtex, creiem fermament en la singularitat de cada client i els desafiaments espec\u00edfics que afronten en termes de protecci\u00f3 i seguretat. Per aquesta ra\u00f3, ens integrem en els processos de treball dels nostres clients per analitzar i comprendre les seves necessitats i desenvolupar <strong>estructures t\u00e8xtils a mida.<\/strong><\/p>\n<\/div>\n\n\n\n<div class=\"wp-block-column same-height is-layout-flow wp-block-column-is-layout-flow\">\n<figure class=\"wp-block-image size-full\"><img loading=\"lazy\" decoding=\"async\" width=\"2000\" height=\"2000\" src=\"https:\/\/protechtex.com\/wp-content\/uploads\/2024\/03\/industrias-1-copy.jpg\" alt=\"\" class=\"wp-image-1348\" srcset=\"https:\/\/protechtex.com\/wp-content\/uploads\/2024\/03\/industrias-1-copy.jpg 2000w, https:\/\/protechtex.com\/wp-content\/uploads\/2024\/03\/industrias-1-copy-300x300.jpg 300w, https:\/\/protechtex.com\/wp-content\/uploads\/2024\/03\/industrias-1-copy-1024x1024.jpg 1024w, https:\/\/protechtex.com\/wp-content\/uploads\/2024\/03\/industrias-1-copy-150x150.jpg 150w, https:\/\/protechtex.com\/wp-content\/uploads\/2024\/03\/industrias-1-copy-768x768.jpg 768w, https:\/\/protechtex.com\/wp-content\/uploads\/2024\/03\/industrias-1-copy-1536x1536.jpg 1536w\" sizes=\"(max-width: 2000px) 100vw, 2000px\" \/><\/figure>\n\n\n\n<h3 class=\"wp-block-heading\">M\u00faltiples Ind\u00fastries<\/h3>\n\n\n\n<p class=\"flex-grow\">La nostra dedicaci\u00f3 a la innovaci\u00f3 i tecnologia ens permet crear productes altament especialitzats que garanteixen la m\u00e0xima protecci\u00f3 i rendiment en qualsevol <strong>ind\u00fastria o sector.<\/strong><\/p>\n<\/div>\n\n\n\n<div class=\"wp-block-column same-height is-layout-flow wp-block-column-is-layout-flow\">\n<figure class=\"wp-block-image size-full\"><img loading=\"lazy\" decoding=\"async\" width=\"1024\" height=\"1024\" src=\"https:\/\/protechtex.com\/wp-content\/uploads\/2023\/10\/29NbPZ4OnbMNUSpgQgAYqVpVtL62GOfVEunqmHxbDGuW699LPeh5AwPGC0jg2ql5.jpg\" alt=\"\" class=\"wp-image-900\" srcset=\"https:\/\/protechtex.com\/wp-content\/uploads\/2023\/10\/29NbPZ4OnbMNUSpgQgAYqVpVtL62GOfVEunqmHxbDGuW699LPeh5AwPGC0jg2ql5.jpg 1024w, https:\/\/protechtex.com\/wp-content\/uploads\/2023\/10\/29NbPZ4OnbMNUSpgQgAYqVpVtL62GOfVEunqmHxbDGuW699LPeh5AwPGC0jg2ql5-300x300.jpg 300w, https:\/\/protechtex.com\/wp-content\/uploads\/2023\/10\/29NbPZ4OnbMNUSpgQgAYqVpVtL62GOfVEunqmHxbDGuW699LPeh5AwPGC0jg2ql5-150x150.jpg 150w, https:\/\/protechtex.com\/wp-content\/uploads\/2023\/10\/29NbPZ4OnbMNUSpgQgAYqVpVtL62GOfVEunqmHxbDGuW699LPeh5AwPGC0jg2ql5-768x768.jpg 768w\" sizes=\"(max-width: 1024px) 100vw, 1024px\" \/><\/figure>\n\n\n\n<h3 class=\"wp-block-heading\">Proves i Certificacions<\/h3>\n\n\n\n<p class=\"flex-grow\">Col\u00b7laborem estretament amb <strong>laboratoris homologats<\/strong> de prestigi, com AITEX, INTA i LEITAT, per garantir que els nostres teixits compleixen amb els est\u00e0ndards m\u00e9s exigents de qualitat i seguretat.<\/p>\n<\/div>\n<\/div>\n\n\n\n<div style=\"height:57px\" aria-hidden=\"true\" class=\"wp-block-spacer\"><\/div>\n<\/div><\/div>\n<\/div><\/div>\n","protected":false},"excerpt":{"rendered":"<p>Teixint Seguretati Confort a Mida Especialistes en teixits t\u00e8cnics de protecci\u00f3 Innovem al sector t\u00e8xtil de protecci\u00f3. Protecci\u00f3 anti-tall, anti-punyalades i resist\u00e8ncia a la fragmentaci\u00f3 d\u2019explosius. Coneix-nos Tecnologia avan\u00e7adai innovaci\u00f3 [&hellip;]<\/p>\n","protected":false},"author":1,"featured_media":0,"parent":0,"menu_order":0,"comment_status":"closed","ping_status":"closed","template":"template-transparent-header.php","meta":{"footnotes":""},"_links":{"self":[{"href":"https:\/\/protechtex.com\/ca\/wp-json\/wp\/v2\/pages\/1262"}],"collection":[{"href":"https:\/\/protechtex.com\/ca\/wp-json\/wp\/v2\/pages"}],"about":[{"href":"https:\/\/protechtex.com\/ca\/wp-json\/wp\/v2\/types\/page"}],"author":[{"embeddable":true,"href":"https:\/\/protechtex.com\/ca\/wp-json\/wp\/v2\/users\/1"}],"replies":[{"embeddable":true,"href":"https:\/\/protechtex.com\/ca\/wp-json\/wp\/v2\/comments?post=1262"}],"version-history":[{"count":6,"href":"https:\/\/protechtex.com\/ca\/wp-json\/wp\/v2\/pages\/1262\/revisions"}],"predecessor-version":[{"id":1455,"href":"https:\/\/protechtex.com\/ca\/wp-json\/wp\/v2\/pages\/1262\/revisions\/1455"}],"wp:attachment":[{"href":"https:\/\/protechtex.com\/ca\/wp-json\/wp\/v2\/media?parent=1262"}],"curies":[{"name":"wp","href":"https:\/\/api.w.org\/{rel}","templated":true}]}}